{"id":1037,"date":"2023-07-02T21:22:11","date_gmt":"2023-07-02T19:22:11","guid":{"rendered":"https:\/\/carplayauto.se\/\/?post_type=product&#038;p=1037"},"modified":"2025-11-13T19:17:45","modified_gmt":"2025-11-13T18:17:45","slug":"10-25-8-8-tradlos-apple-carplay-android-auto-for-bmw-series3-4-f30-f31-f34-f32-f33-f36-f80","status":"publish","type":"product","link":"https:\/\/carplayauto.se\/en\/product\/10-25-8-8-tradlos-apple-carplay-android-auto-for-bmw-series3-4-f30-f31-f34-f32-f33-f36-f80\/","title":{"rendered":"10.25\u2033 \/ 8.8\u2033 Wireless Apple CarPlay + Android Auto for BMW 3 &amp; 4 Serie F30 F31 F34 F32 F33 F36 F80"},"content":{"rendered":"<p><strong><b>1000Tr\u00e5dl\u00f6s CarPlay och Android Auto sk\u00e4rm<br \/>\n<\/b><\/strong><\/p>\n<div><strong><b>For C<\/b><\/strong><strong><b>I<\/b><\/strong><strong><b>C system<\/b><\/strong><\/div>\n<div>BMW 3 Series<strong><b>\u00a0<\/b><\/strong>F30\/F31\/F34\/F80\u00a0 \u00a0 \u00a0 02\/2012-11\/2012<\/div>\n<div><\/div>\n<div><strong><b>For NBT System<\/b><\/strong><\/div>\n<div>BMW 3 Series<strong><b>\u00a0<\/b><\/strong>F30\/F31 (2012-2015)\u00a0 \u00a0 \u00a0F34 (2013-2015)<\/div>\n<div>BMW 4 Series<strong><b>\u00a0<\/b><\/strong>F32 F33 (2013-2015)\u00a0 \u00a0 \u00a0F36 (2014-2015)<\/div>\n<div>BMW M3<strong><b>\u00a0<\/b><\/strong>F80 2013-2017<\/div>\n<div>BMW M4<strong><b>\u00a0<\/b><\/strong>F82\u00a02013-2017<\/div>\n<p>&nbsp;<\/p>\n<p>NOTE: You must have the AUX function in your car for the screen to be compatible.<\/p>\n<p>&nbsp;<\/p>\n<h4 style=\"text-align: center;\"><em>What functions does CarPlay \/ Android Auto have? It's a smarter, safer way to use your phone's key features while driving. From calendar to calls, everything is right on the car's screen!<\/em><br \/>\n<span style=\"color: #0000ff;\">Navigation apps like Waze, Google Maps, Apple Maps<\/span><\/h4>\n<p style=\"text-align: center;\"><a href=\"https:\/\/carplayauto.se\/wp-content\/uploads\/2023\/07\/waze.jpg\"><img fetchpriority=\"high\" decoding=\"async\" class=\"alignnone wp-image-3243\" src=\"https:\/\/carplayauto.se\/wp-content\/uploads\/2023\/07\/waze-300x119.jpg\" alt=\"\" width=\"980\" height=\"389\" srcset=\"https:\/\/carplayauto.se\/wp-content\/uploads\/2023\/07\/waze-300x119.jpg 300w, https:\/\/carplayauto.se\/wp-content\/uploads\/2023\/07\/waze-1024x406.jpg 1024w, https:\/\/carplayauto.se\/wp-content\/uploads\/2023\/07\/waze-768x305.jpg 768w, https:\/\/carplayauto.se\/wp-content\/uploads\/2023\/07\/waze-18x7.jpg 18w, https:\/\/carplayauto.se\/wp-content\/uploads\/2023\/07\/waze-600x238.jpg 600w, https:\/\/carplayauto.se\/wp-content\/uploads\/2023\/07\/waze.jpg 1280w\" sizes=\"(max-width: 980px) 100vw, 980px\" \/><\/a><\/p>\n<h4 style=\"text-align: center;\"><span style=\"color: #0000ff;\">Music apps like Spotify, Soundcloud and many more<\/span><\/h4>\n<p style=\"text-align: center;\"><a href=\"https:\/\/carplayauto.se\/wp-content\/uploads\/2023\/07\/spotify-meny.jpg\"><img decoding=\"async\" class=\"alignnone wp-image-3242\" src=\"https:\/\/carplayauto.se\/wp-content\/uploads\/2023\/07\/spotify-meny-300x119.jpg\" alt=\"\" width=\"981\" height=\"389\" srcset=\"https:\/\/carplayauto.se\/wp-content\/uploads\/2023\/07\/spotify-meny-300x119.jpg 300w, https:\/\/carplayauto.se\/wp-content\/uploads\/2023\/07\/spotify-meny-1024x406.jpg 1024w, https:\/\/carplayauto.se\/wp-content\/uploads\/2023\/07\/spotify-meny-768x305.jpg 768w, https:\/\/carplayauto.se\/wp-content\/uploads\/2023\/07\/spotify-meny-18x7.jpg 18w, https:\/\/carplayauto.se\/wp-content\/uploads\/2023\/07\/spotify-meny-600x238.jpg 600w, https:\/\/carplayauto.se\/wp-content\/uploads\/2023\/07\/spotify-meny.jpg 1280w\" sizes=\"(max-width: 981px) 100vw, 981px\" \/><\/a><\/p>\n<p style=\"text-align: center;\"><a href=\"https:\/\/carplayauto.se\/wp-content\/uploads\/2023\/07\/spotify-mano.jpg\"><img decoding=\"async\" class=\"alignnone wp-image-3241\" src=\"https:\/\/carplayauto.se\/wp-content\/uploads\/2023\/07\/spotify-mano-300x119.jpg\" alt=\"\" width=\"981\" height=\"389\" srcset=\"https:\/\/carplayauto.se\/wp-content\/uploads\/2023\/07\/spotify-mano-300x119.jpg 300w, https:\/\/carplayauto.se\/wp-content\/uploads\/2023\/07\/spotify-mano-1024x406.jpg 1024w, https:\/\/carplayauto.se\/wp-content\/uploads\/2023\/07\/spotify-mano-768x305.jpg 768w, https:\/\/carplayauto.se\/wp-content\/uploads\/2023\/07\/spotify-mano-18x7.jpg 18w, https:\/\/carplayauto.se\/wp-content\/uploads\/2023\/07\/spotify-mano-600x238.jpg 600w, https:\/\/carplayauto.se\/wp-content\/uploads\/2023\/07\/spotify-mano.jpg 1280w\" sizes=\"(max-width: 981px) 100vw, 981px\" \/><\/a><\/p>\n<h4 style=\"text-align: center;\"><\/h4>\n<h4 style=\"text-align: center;\"><span style=\"color: #0000ff;\">Calls &amp; Texts - Use Siri to send a message or make a call<\/span><\/h4>\n<h4 style=\"text-align: center;\"><a href=\"https:\/\/carplayauto.se\/wp-content\/uploads\/2023\/07\/siri.jpg\"><img loading=\"lazy\" decoding=\"async\" class=\"alignnone wp-image-3240\" src=\"https:\/\/carplayauto.se\/wp-content\/uploads\/2023\/07\/siri-300x119.jpg\" alt=\"\" width=\"981\" height=\"389\" srcset=\"https:\/\/carplayauto.se\/wp-content\/uploads\/2023\/07\/siri-300x119.jpg 300w, https:\/\/carplayauto.se\/wp-content\/uploads\/2023\/07\/siri-1024x406.jpg 1024w, https:\/\/carplayauto.se\/wp-content\/uploads\/2023\/07\/siri-768x305.jpg 768w, https:\/\/carplayauto.se\/wp-content\/uploads\/2023\/07\/siri-18x7.jpg 18w, https:\/\/carplayauto.se\/wp-content\/uploads\/2023\/07\/siri-600x238.jpg 600w, https:\/\/carplayauto.se\/wp-content\/uploads\/2023\/07\/siri.jpg 1280w\" sizes=\"(max-width: 981px) 100vw, 981px\" \/><\/a><\/h4>\n<h4 style=\"text-align: center;\"><a href=\"https:\/\/carplayauto.se\/wp-content\/uploads\/2023\/07\/samtal.jpg\"><img loading=\"lazy\" decoding=\"async\" class=\"alignnone wp-image-3239\" src=\"https:\/\/carplayauto.se\/wp-content\/uploads\/2023\/07\/samtal-300x119.jpg\" alt=\"\" width=\"981\" height=\"389\" srcset=\"https:\/\/carplayauto.se\/wp-content\/uploads\/2023\/07\/samtal-300x119.jpg 300w, https:\/\/carplayauto.se\/wp-content\/uploads\/2023\/07\/samtal-1024x406.jpg 1024w, https:\/\/carplayauto.se\/wp-content\/uploads\/2023\/07\/samtal-768x305.jpg 768w, https:\/\/carplayauto.se\/wp-content\/uploads\/2023\/07\/samtal-18x7.jpg 18w, https:\/\/carplayauto.se\/wp-content\/uploads\/2023\/07\/samtal-600x238.jpg 600w, https:\/\/carplayauto.se\/wp-content\/uploads\/2023\/07\/samtal.jpg 1280w\" sizes=\"(max-width: 981px) 100vw, 981px\" \/><\/a><\/h4>","protected":false},"excerpt":{"rendered":"<p><strong>This is only with CarPlay &amp; Android Auto.<\/strong><br \/>\n<em>If you want a full Android-based screen, take a look at the link below:\u00a0<a href=\"https:\/\/carplayauto.se\/en\/product\/10-25-8-8-android-10-0-skarm-4g64g-qualcomm-8-core-for-bmw-f30-f31-f34-f32-f33-f36\/\">https:\/\/carplayauto.se\/produkt\/10-25-8-8-android-10-0-skarm-4g64g-qualcomm-8-core-for-bmw-f30-f31-f34-f32-f33-f36\/<\/a><\/em><br \/>\n<strong>Please note that there are two different sizes.\u00a0<\/strong><br \/>\n<strong>8.8\u2033 or 10.25\u2033<\/strong><\/p>\n<p>&nbsp;<\/p>\n<h5>We recommend that you check which system\/connection you have before placing an order.<br \/>\nFeel free to check out the link below<br \/>\n<a href=\"https:\/\/carplayauto.se\/en\/typer\/\">https:\/\/carplayauto.se\/typer\/<\/a><\/h5>","protected":false},"featured_media":2575,"comment_status":"open","ping_status":"closed","template":"","meta":{"site-sidebar-layout":"default","site-content-layout":"default","ast-site-content-layout":"default","site-content-style":"default","site-sidebar-style":"default","ast-global-header-display":"","ast-banner-title-visibility":"","ast-main-header-display":"","ast-hfb-above-header-display":"","ast-hfb-below-header-display":"","ast-hfb-mobile-header-display":"","site-post-title":"","ast-breadcrumbs-content":"","ast-featured-img":"","footer-sml-layout":"","ast-disable-related-posts":"","theme-transparent-header-meta":"default","adv-header-id-meta":"","stick-header-meta":"","header-above-stick-meta":"","header-main-stick-meta":"","header-below-stick-meta":"","astra-migrate-meta-layouts":"set","ast-page-background-enabled":"default","ast-page-background-meta":{"desktop":{"background-color":"","background-image":"","background-repeat":"repeat","background-position":"center center","background-size":"auto","background-attachment":"scroll","background-type":"","background-media":"","overlay-type":"","overlay-color":"","overlay-opacity":"","overlay-gradient":""},"tablet":{"background-color":"","background-image":"","background-repeat":"repeat","background-position":"center center","background-size":"auto","background-attachment":"scroll","background-type":"","background-media":"","overlay-type":"","overlay-color":"","overlay-opacity":"","overlay-gradient":""},"mobile":{"background-color":"","background-image":"","background-repeat":"repeat","background-position":"center center","background-size":"auto","background-attachment":"scroll","background-type":"","background-media":"","overlay-type":"","overlay-color":"","overlay-opacity":"","overlay-gradient":""}},"ast-content-background-meta":{"desktop":{"background-color":"var(--ast-global-color-5)","background-image":"","background-repeat":"repeat","background-position":"center center","background-size":"auto","background-attachment":"scroll","background-type":"","background-media":"","overlay-type":"","overlay-color":"","overlay-opacity":"","overlay-gradient":""},"tablet":{"background-color":"var(--ast-global-color-5)","background-image":"","background-repeat":"repeat","background-position":"center center","background-size":"auto","background-attachment":"scroll","background-type":"","background-media":"","overlay-type":"","overlay-color":"","overlay-opacity":"","overlay-gradient":""},"mobile":{"background-color":"var(--ast-global-color-5)","background-image":"","background-repeat":"repeat","background-position":"center center","background-size":"auto","background-attachment":"scroll","background-type":"","background-media":"","overlay-type":"","overlay-color":"","overlay-opacity":"","overlay-gradient":""}}},"product_brand":[],"product_cat":[45,28],"product_tag":[],"class_list":{"0":"post-1037","1":"product","2":"type-product","3":"status-publish","4":"has-post-thumbnail","6":"product_cat-bmwc","7":"product_cat-carplay-android-auto-skarmar","8":"desktop-align-center","9":"tablet-align-center","10":"mobile-align-center","12":"first","13":"onbackorder","14":"taxable","15":"shipping-taxable","16":"purchasable","17":"product-type-variable"},"jetpack_sharing_enabled":true,"_links":{"self":[{"href":"https:\/\/carplayauto.se\/en\/wp-json\/wp\/v2\/product\/1037","targetHints":{"allow":["GET"]}}],"collection":[{"href":"https:\/\/carplayauto.se\/en\/wp-json\/wp\/v2\/product"}],"about":[{"href":"https:\/\/carplayauto.se\/en\/wp-json\/wp\/v2\/types\/product"}],"replies":[{"embeddable":true,"href":"https:\/\/carplayauto.se\/en\/wp-json\/wp\/v2\/comments?post=1037"}],"wp:featuredmedia":[{"embeddable":true,"href":"https:\/\/carplayauto.se\/en\/wp-json\/wp\/v2\/media\/2575"}],"wp:attachment":[{"href":"https:\/\/carplayauto.se\/en\/wp-json\/wp\/v2\/media?parent=1037"}],"wp:term":[{"taxonomy":"product_brand","embeddable":true,"href":"https:\/\/carplayauto.se\/en\/wp-json\/wp\/v2\/product_brand?post=1037"},{"taxonomy":"product_cat","embeddable":true,"href":"https:\/\/carplayauto.se\/en\/wp-json\/wp\/v2\/product_cat?post=1037"},{"taxonomy":"product_tag","embeddable":true,"href":"https:\/\/carplayauto.se\/en\/wp-json\/wp\/v2\/product_tag?post=1037"}],"curies":[{"name":"wp","href":"https:\/\/api.w.org\/{rel}","templated":true}]}}