{"id":1042,"date":"2023-07-02T21:22:11","date_gmt":"2023-07-02T19:22:11","guid":{"rendered":"https:\/\/carplayauto.se\/\/?post_type=product&#038;p=1042"},"modified":"2025-05-09T19:53:15","modified_gmt":"2025-05-09T17:53:15","slug":"8-8-android-10-0-skarm-464g-qualcomm-4g64g-for-bmw-x3-f25-x4-f26","status":"publish","type":"product","link":"https:\/\/carplayauto.se\/en\/product\/8-8-android-10-0-skarm-464g-qualcomm-4g64g-for-bmw-x3-f25-x4-f26\/","title":{"rendered":"8.8\u2033 Android screen 4+64G Qualcomm for BMW X3 F25 X4 F26"},"content":{"rendered":"<p>Android Sk\u00e4rm f\u00f6r BMW X3 F25 X4 F26<\/p>\n<p>Kompatibel med alla OEM funktioner<br \/>\nSkifta mellan OEM system och Android system genom att h\u00e5lla in &#8221;MENY&#8221; p\u00e5 iDrive knoben i cirka 3 sekunder.<br \/>\nInbyggd GPS, bluetooth, 4G modul, mikrofon och Wi-Fi antenn.<br \/>\n\u00d6ver 20 spr\u00e5k att v\u00e4lja mellan<br \/>\nKompatibel med backkamera<br \/>\nAlla kablar som kr\u00e4vs f\u00f6r montering f\u00f6ljer med.<\/p>\n<p>Garanti 1 \u00e5r<br \/>\n<strong>CPU<\/strong> Qualcomm Snapdragon 625 processor MSM8953 Octa-core A53 2.0GHz<br \/>\n<strong>Sk\u00e4rm<\/strong> 8.8 tum IPS touch sk\u00e4rm 1280*480<br \/>\n<strong>RAM<\/strong> 4G<br \/>\n<strong>ROM<\/strong> 64G<br \/>\n<strong>Android Version<\/strong> Android 13.0<br \/>\n<strong>USB<\/strong> 2 (MAX 128G)<br \/>\n<strong>4G<\/strong> Inbyggt<br \/>\n<strong>Other<\/strong> Inbyggd Bluetooth, mikrofon och WI-FI antenn Inbyggd Tr\u00e5dl\u00f6s Apple CarPlay &amp; Android Auto<\/p>","protected":false},"excerpt":{"rendered":"<h5>We recommend that you check which system\/connection you have before placing an order.<br \/>\nFeel free to check out the link below<br \/>\n<a href=\"https:\/\/carplayauto.se\/en\/typer\/\">https:\/\/carplayauto.se\/typer\/<\/a><\/h5>","protected":false},"featured_media":2489,"comment_status":"open","ping_status":"closed","template":"","meta":{"site-sidebar-layout":"default","site-content-layout":"default","ast-site-content-layout":"default","site-content-style":"default","site-sidebar-style":"default","ast-global-header-display":"","ast-banner-title-visibility":"","ast-main-header-display":"","ast-hfb-above-header-display":"","ast-hfb-below-header-display":"","ast-hfb-mobile-header-display":"","site-post-title":"","ast-breadcrumbs-content":"","ast-featured-img":"","footer-sml-layout":"","ast-disable-related-posts":"","theme-transparent-header-meta":"default","adv-header-id-meta":"","stick-header-meta":"","header-above-stick-meta":"","header-main-stick-meta":"","header-below-stick-meta":"","astra-migrate-meta-layouts":"set","ast-page-background-enabled":"default","ast-page-background-meta":{"desktop":{"background-color":"","background-image":"","background-repeat":"repeat","background-position":"center center","background-size":"auto","background-attachment":"scroll","background-type":"","background-media":"","overlay-type":"","overlay-color":"","overlay-opacity":"","overlay-gradient":""},"tablet":{"background-color":"","background-image":"","background-repeat":"repeat","background-position":"center center","background-size":"auto","background-attachment":"scroll","background-type":"","background-media":"","overlay-type":"","overlay-color":"","overlay-opacity":"","overlay-gradient":""},"mobile":{"background-color":"","background-image":"","background-repeat":"repeat","background-position":"center center","background-size":"auto","background-attachment":"scroll","background-type":"","background-media":"","overlay-type":"","overlay-color":"","overlay-opacity":"","overlay-gradient":""}},"ast-content-background-meta":{"desktop":{"background-color":"var(--ast-global-color-5)","background-image":"","background-repeat":"repeat","background-position":"center center","background-size":"auto","background-attachment":"scroll","background-type":"","background-media":"","overlay-type":"","overlay-color":"","overlay-opacity":"","overlay-gradient":""},"tablet":{"background-color":"var(--ast-global-color-5)","background-image":"","background-repeat":"repeat","background-position":"center center","background-size":"auto","background-attachment":"scroll","background-type":"","background-media":"","overlay-type":"","overlay-color":"","overlay-opacity":"","overlay-gradient":""},"mobile":{"background-color":"var(--ast-global-color-5)","background-image":"","background-repeat":"repeat","background-position":"center center","background-size":"auto","background-attachment":"scroll","background-type":"","background-media":"","overlay-type":"","overlay-color":"","overlay-opacity":"","overlay-gradient":""}}},"product_brand":[],"product_cat":[29,30],"product_tag":[],"class_list":{"0":"post-1042","1":"product","2":"type-product","3":"status-publish","4":"has-post-thumbnail","6":"product_cat-android-enheter","7":"product_cat-bmw","8":"desktop-align-center","9":"tablet-align-center","10":"mobile-align-center","12":"first","13":"instock","14":"taxable","15":"shipping-taxable","16":"purchasable","17":"product-type-variable"},"jetpack_sharing_enabled":true,"_links":{"self":[{"href":"https:\/\/carplayauto.se\/en\/wp-json\/wp\/v2\/product\/1042","targetHints":{"allow":["GET"]}}],"collection":[{"href":"https:\/\/carplayauto.se\/en\/wp-json\/wp\/v2\/product"}],"about":[{"href":"https:\/\/carplayauto.se\/en\/wp-json\/wp\/v2\/types\/product"}],"replies":[{"embeddable":true,"href":"https:\/\/carplayauto.se\/en\/wp-json\/wp\/v2\/comments?post=1042"}],"wp:featuredmedia":[{"embeddable":true,"href":"https:\/\/carplayauto.se\/en\/wp-json\/wp\/v2\/media\/2489"}],"wp:attachment":[{"href":"https:\/\/carplayauto.se\/en\/wp-json\/wp\/v2\/media?parent=1042"}],"wp:term":[{"taxonomy":"product_brand","embeddable":true,"href":"https:\/\/carplayauto.se\/en\/wp-json\/wp\/v2\/product_brand?post=1042"},{"taxonomy":"product_cat","embeddable":true,"href":"https:\/\/carplayauto.se\/en\/wp-json\/wp\/v2\/product_cat?post=1042"},{"taxonomy":"product_tag","embeddable":true,"href":"https:\/\/carplayauto.se\/en\/wp-json\/wp\/v2\/product_tag?post=1042"}],"curies":[{"name":"wp","href":"https:\/\/api.w.org\/{rel}","templated":true}]}}