{"id":1046,"date":"2023-07-02T21:22:12","date_gmt":"2023-07-02T19:22:12","guid":{"rendered":"https:\/\/carplayauto.se\/\/?post_type=product&#038;p=1046"},"modified":"2025-05-09T19:52:45","modified_gmt":"2025-05-09T17:52:45","slug":"8-8-android-10-0-skarm-4g64g-qualcomm-for-bmw-e60-e61-e62-e63-e64-m6-e90-e91-e92-e93-m3","status":"publish","type":"product","link":"https:\/\/carplayauto.se\/en\/product\/8-8-android-10-0-skarm-4g64g-qualcomm-for-bmw-e60-e61-e62-e63-e64-m6-e90-e91-e92-e93-m3\/","title":{"rendered":"8.8\u2033 Android Screen 4G+64G Qualcomm for BMW E60 E61 E62 E63 E64 M6 E90 E91 E92 E93 M3"},"content":{"rendered":"<p>Kompatibel med alla OEM funktioner<br \/>\nSkifta mellan OEM system och Android system genom att h\u00e5lla in \u201cMENY\u201d p\u00e5 iDrive knoben i cirka 3 sekunder.<br \/>\nInbyggd GPS, bluetooth, 4G modul, mikrofon och Wi-Fi antenn.<br \/>\n\u00d6ver 20 spr\u00e5k att v\u00e4lja mellan<br \/>\nKompatibel med backkamera<br \/>\nAlla kablar som kr\u00e4vs f\u00f6r montering f\u00f6ljer med.<\/p>\n<p><strong>Garanti<\/strong>\u00a01 \u00e5r<br \/>\n<strong>CPU<\/strong> <strong>Qualcomm<\/strong>\u00a0Snapdragon 625 processor (MSM8953\u00a0 Octa-core A53 2.0GHz)<br \/>\n<strong>Sk\u00e4rm <\/strong>8.8\u00a0tum IPS touch sk\u00e4rm 1280*480<br \/>\n<strong>RAM<\/strong>\u00a04G<br \/>\n<strong>ROM<\/strong> 64G<br \/>\n<strong>Android Version<\/strong> Android 13.0<br \/>\n<strong>USB<\/strong>\u00a02 (MAX 128G)<br \/>\n<strong>4G<\/strong>\u00a0Inbyggt<br \/>\n<strong>Other<\/strong> Inbyggd Bluetooth, mikrofon och WI-FI antenn, Inbyggd Tr\u00e5dl\u00f6s Apple CarPlay &amp; Android Auto<\/p>","protected":false},"excerpt":{"rendered":"<p><strong><b>For CCC System<\/b><\/strong><strong><b>\u00a0<\/b><\/strong><strong><b>med OEM\u00a0 6.5\/8.8&#8243; sk\u00e4rm<\/b><\/strong><br \/>\nBMW 5 Serie E60\/E61 2003-2008<br \/>\nBMW 3 Serie E90\/E91\/E92\/E93 2005-2008<br \/>\nBMW M6\u00a0M5 2004-2009<br \/>\n<strong><b>For CIC System<\/b><\/strong><strong><b> with<\/b><\/strong><strong><b> OEM 6.5\/8.8&#8243; Sk\u00e4rm<\/b><\/strong><br \/>\nBMW 5 Serie E60\/E61 2008-2010<br \/>\nBMW 3 Serie E90\/E91\/E92\/E93 2008-2013<\/p>\n<h5>We recommend that you check which system\/connection you have before placing an order.<br \/>\nFeel free to check out the link below<br \/>\n<a href=\"https:\/\/carplayauto.se\/en\/typer\/\">https:\/\/carplayauto.se\/typer\/<\/a><\/h5>\n<p>&nbsp;<\/p>","protected":false},"featured_media":2483,"comment_status":"open","ping_status":"closed","template":"","meta":{"site-sidebar-layout":"default","site-content-layout":"default","ast-site-content-layout":"default","site-content-style":"default","site-sidebar-style":"default","ast-global-header-display":"","ast-banner-title-visibility":"","ast-main-header-display":"","ast-hfb-above-header-display":"","ast-hfb-below-header-display":"","ast-hfb-mobile-header-display":"","site-post-title":"","ast-breadcrumbs-content":"","ast-featured-img":"","footer-sml-layout":"","ast-disable-related-posts":"","theme-transparent-header-meta":"default","adv-header-id-meta":"","stick-header-meta":"","header-above-stick-meta":"","header-main-stick-meta":"","header-below-stick-meta":"","astra-migrate-meta-layouts":"set","ast-page-background-enabled":"default","ast-page-background-meta":{"desktop":{"background-color":"","background-image":"","background-repeat":"repeat","background-position":"center center","background-size":"auto","background-attachment":"scroll","background-type":"","background-media":"","overlay-type":"","overlay-color":"","overlay-opacity":"","overlay-gradient":""},"tablet":{"background-color":"","background-image":"","background-repeat":"repeat","background-position":"center center","background-size":"auto","background-attachment":"scroll","background-type":"","background-media":"","overlay-type":"","overlay-color":"","overlay-opacity":"","overlay-gradient":""},"mobile":{"background-color":"","background-image":"","background-repeat":"repeat","background-position":"center center","background-size":"auto","background-attachment":"scroll","background-type":"","background-media":"","overlay-type":"","overlay-color":"","overlay-opacity":"","overlay-gradient":""}},"ast-content-background-meta":{"desktop":{"background-color":"var(--ast-global-color-5)","background-image":"","background-repeat":"repeat","background-position":"center center","background-size":"auto","background-attachment":"scroll","background-type":"","background-media":"","overlay-type":"","overlay-color":"","overlay-opacity":"","overlay-gradient":""},"tablet":{"background-color":"var(--ast-global-color-5)","background-image":"","background-repeat":"repeat","background-position":"center center","background-size":"auto","background-attachment":"scroll","background-type":"","background-media":"","overlay-type":"","overlay-color":"","overlay-opacity":"","overlay-gradient":""},"mobile":{"background-color":"var(--ast-global-color-5)","background-image":"","background-repeat":"repeat","background-position":"center center","background-size":"auto","background-attachment":"scroll","background-type":"","background-media":"","overlay-type":"","overlay-color":"","overlay-opacity":"","overlay-gradient":""}}},"product_brand":[],"product_cat":[29,30],"product_tag":[],"class_list":{"0":"post-1046","1":"product","2":"type-product","3":"status-publish","4":"has-post-thumbnail","6":"product_cat-android-enheter","7":"product_cat-bmw","8":"desktop-align-center","9":"tablet-align-center","10":"mobile-align-center","12":"first","13":"instock","14":"taxable","15":"shipping-taxable","16":"purchasable","17":"product-type-variable"},"jetpack_sharing_enabled":true,"_links":{"self":[{"href":"https:\/\/carplayauto.se\/en\/wp-json\/wp\/v2\/product\/1046","targetHints":{"allow":["GET"]}}],"collection":[{"href":"https:\/\/carplayauto.se\/en\/wp-json\/wp\/v2\/product"}],"about":[{"href":"https:\/\/carplayauto.se\/en\/wp-json\/wp\/v2\/types\/product"}],"replies":[{"embeddable":true,"href":"https:\/\/carplayauto.se\/en\/wp-json\/wp\/v2\/comments?post=1046"}],"wp:featuredmedia":[{"embeddable":true,"href":"https:\/\/carplayauto.se\/en\/wp-json\/wp\/v2\/media\/2483"}],"wp:attachment":[{"href":"https:\/\/carplayauto.se\/en\/wp-json\/wp\/v2\/media?parent=1046"}],"wp:term":[{"taxonomy":"product_brand","embeddable":true,"href":"https:\/\/carplayauto.se\/en\/wp-json\/wp\/v2\/product_brand?post=1046"},{"taxonomy":"product_cat","embeddable":true,"href":"https:\/\/carplayauto.se\/en\/wp-json\/wp\/v2\/product_cat?post=1046"},{"taxonomy":"product_tag","embeddable":true,"href":"https:\/\/carplayauto.se\/en\/wp-json\/wp\/v2\/product_tag?post=1046"}],"curies":[{"name":"wp","href":"https:\/\/api.w.org\/{rel}","templated":true}]}}