{"id":1047,"date":"2023-07-02T21:22:12","date_gmt":"2023-07-02T19:22:12","guid":{"rendered":"https:\/\/carplayauto.se\/\/?post_type=product&#038;p=1047"},"modified":"2025-05-09T19:52:27","modified_gmt":"2025-05-09T17:52:27","slug":"10-25-android-10-0-skarm-4g64g-qualcomm-8-core-for-bmw-5-serie-f10-f11-f18","status":"publish","type":"product","link":"https:\/\/carplayauto.se\/en\/product\/10-25-android-10-0-skarm-4g64g-qualcomm-8-core-for-bmw-5-serie-f10-f11-f18\/","title":{"rendered":"10.25\" Android Screen 4G+64G Qualcomm 8 core for BMW 5 Series F10 F11 F18"},"content":{"rendered":"<p>Kompatibel med alla OEM funktioner<br \/>\nSkifta mellan OEM system och Android system genom att h\u00e5lla in \u201cMENY\u201d p\u00e5 iDrive knoben i cirka 3 sekunder.<br \/>\nInbyggd GPS, bluetooth, 4G modul, mikrofon och Wi-Fi antenn.<br \/>\n\u00d6ver 20 spr\u00e5k att v\u00e4lja mellan<br \/>\nKompatibel med backkamera<br \/>\nAlla kablar som kr\u00e4vs f\u00f6r montering f\u00f6ljer med.<\/p>\n<p><strong>Garanti<\/strong>\u00a01 \u00e5r<br \/>\n<strong>CPU<\/strong> Qualcomm Snapdragon 625 processor (MSM8953 Octa-core A53 2.0GHz)<br \/>\n<strong>Sk\u00e4rm <\/strong>10.25\u00a0tum IPS touch sk\u00e4rm 1280*480<br \/>\n<strong>RAM<\/strong>\u00a04G<br \/>\n<strong>ROM<\/strong>\u00a064G<br \/>\n<strong>Android Version<\/strong> Android 13<br \/>\n<strong>USB<\/strong>\u00a02 (MAX 128G)<br \/>\n<strong>4G<\/strong>\u00a0Inbyggt<br \/>\n<strong>Other<\/strong> Inbyggd Bluetooth, mikrofon och WI-FI antenn, Inbyggd Tr\u00e5dl\u00f6s Apple CarPlay &amp; Android Auto<\/p>","protected":false},"excerpt":{"rendered":"<div><strong>For CIC System<\/strong><\/div>\n<div>BMW 5 Serie sedan (F10) 2010-2012<\/div>\n<div>BMW 5 Serie Touring (F11) 2010-2012<\/div>\n<div><strong>For NBT system<\/strong><\/div>\n<div>BMW 5 Serie Sedan (F10) 2012-2019<br \/>\nBMW 5 Serie Touring (F11) 2012-2019<br \/>\nBMW 5 Serie Long Wheelbase Sedan(F18) 2012-2019<\/div>\n<div><\/div>\n<h5>We recommend that you check which system\/connection you have before placing an order.<br \/>\nFeel free to check out the link below<br \/>\n<a href=\"https:\/\/carplayauto.se\/en\/typer\/\">https:\/\/carplayauto.se\/typer\/<\/a><\/h5>\n<div><\/div>","protected":false},"featured_media":2486,"comment_status":"open","ping_status":"closed","template":"","meta":{"site-sidebar-layout":"default","site-content-layout":"default","ast-site-content-layout":"default","site-content-style":"default","site-sidebar-style":"default","ast-global-header-display":"","ast-banner-title-visibility":"","ast-main-header-display":"","ast-hfb-above-header-display":"","ast-hfb-below-header-display":"","ast-hfb-mobile-header-display":"","site-post-title":"","ast-breadcrumbs-content":"","ast-featured-img":"","footer-sml-layout":"","ast-disable-related-posts":"","theme-transparent-header-meta":"default","adv-header-id-meta":"","stick-header-meta":"","header-above-stick-meta":"","header-main-stick-meta":"","header-below-stick-meta":"","astra-migrate-meta-layouts":"set","ast-page-background-enabled":"default","ast-page-background-meta":{"desktop":{"background-color":"","background-image":"","background-repeat":"repeat","background-position":"center center","background-size":"auto","background-attachment":"scroll","background-type":"","background-media":"","overlay-type":"","overlay-color":"","overlay-opacity":"","overlay-gradient":""},"tablet":{"background-color":"","background-image":"","background-repeat":"repeat","background-position":"center center","background-size":"auto","background-attachment":"scroll","background-type":"","background-media":"","overlay-type":"","overlay-color":"","overlay-opacity":"","overlay-gradient":""},"mobile":{"background-color":"","background-image":"","background-repeat":"repeat","background-position":"center center","background-size":"auto","background-attachment":"scroll","background-type":"","background-media":"","overlay-type":"","overlay-color":"","overlay-opacity":"","overlay-gradient":""}},"ast-content-background-meta":{"desktop":{"background-color":"var(--ast-global-color-5)","background-image":"","background-repeat":"repeat","background-position":"center center","background-size":"auto","background-attachment":"scroll","background-type":"","background-media":"","overlay-type":"","overlay-color":"","overlay-opacity":"","overlay-gradient":""},"tablet":{"background-color":"var(--ast-global-color-5)","background-image":"","background-repeat":"repeat","background-position":"center center","background-size":"auto","background-attachment":"scroll","background-type":"","background-media":"","overlay-type":"","overlay-color":"","overlay-opacity":"","overlay-gradient":""},"mobile":{"background-color":"var(--ast-global-color-5)","background-image":"","background-repeat":"repeat","background-position":"center center","background-size":"auto","background-attachment":"scroll","background-type":"","background-media":"","overlay-type":"","overlay-color":"","overlay-opacity":"","overlay-gradient":""}}},"product_brand":[],"product_cat":[29,30],"product_tag":[],"class_list":{"0":"post-1047","1":"product","2":"type-product","3":"status-publish","4":"has-post-thumbnail","6":"product_cat-android-enheter","7":"product_cat-bmw","8":"desktop-align-center","9":"tablet-align-center","10":"mobile-align-center","12":"first","13":"instock","14":"taxable","15":"shipping-taxable","16":"purchasable","17":"product-type-variable"},"jetpack_sharing_enabled":true,"_links":{"self":[{"href":"https:\/\/carplayauto.se\/en\/wp-json\/wp\/v2\/product\/1047","targetHints":{"allow":["GET"]}}],"collection":[{"href":"https:\/\/carplayauto.se\/en\/wp-json\/wp\/v2\/product"}],"about":[{"href":"https:\/\/carplayauto.se\/en\/wp-json\/wp\/v2\/types\/product"}],"replies":[{"embeddable":true,"href":"https:\/\/carplayauto.se\/en\/wp-json\/wp\/v2\/comments?post=1047"}],"wp:featuredmedia":[{"embeddable":true,"href":"https:\/\/carplayauto.se\/en\/wp-json\/wp\/v2\/media\/2486"}],"wp:attachment":[{"href":"https:\/\/carplayauto.se\/en\/wp-json\/wp\/v2\/media?parent=1047"}],"wp:term":[{"taxonomy":"product_brand","embeddable":true,"href":"https:\/\/carplayauto.se\/en\/wp-json\/wp\/v2\/product_brand?post=1047"},{"taxonomy":"product_cat","embeddable":true,"href":"https:\/\/carplayauto.se\/en\/wp-json\/wp\/v2\/product_cat?post=1047"},{"taxonomy":"product_tag","embeddable":true,"href":"https:\/\/carplayauto.se\/en\/wp-json\/wp\/v2\/product_tag?post=1047"}],"curies":[{"name":"wp","href":"https:\/\/api.w.org\/{rel}","templated":true}]}}