{"id":1172,"date":"2023-07-02T21:22:54","date_gmt":"2023-07-02T19:22:54","guid":{"rendered":"https:\/\/carplayauto.se\/\/?post_type=product&#038;p=1172"},"modified":"2025-07-01T00:01:49","modified_gmt":"2025-06-30T22:01:49","slug":"8-8-apple-carplay-android-auto-skarm-for-bmw-x3-f25-x4-f26","status":"publish","type":"product","link":"https:\/\/carplayauto.se\/en\/product\/8-8-apple-carplay-android-auto-skarm-for-bmw-x3-f25-x4-f26\/","title":{"rendered":"8.8\u2033 Apple CarPlay &amp; Android Auto screen for BMW X3 F25 X4 F26"},"content":{"rendered":"<p>Apple CarPlay &amp; Android Auto sk\u00e4rm f\u00f6r BMW X3 F25 X4 F26<\/p>\n<p>Kompatibel med alla OEM funktioner<br \/>\nSkifta mellan OEM system och Android system genom att h\u00e5lla in &#8221;MENY&#8221; p\u00e5 iDrive knoben i cirka 3 sekunder.<br \/>\nInbyggd bluetooth, mikrofon och Wi-Fi antenn.<br \/>\n\u00d6ver 20 spr\u00e5k att v\u00e4lja mellan<br \/>\nKompatibel med backkamera<br \/>\nAlla kablar som kr\u00e4vs f\u00f6r montering f\u00f6ljer med.<\/p>\n<p>Garanti 1 \u00e5r<\/p>\n<p>&nbsp;<\/p>\n<h4 style=\"text-align: center;\"><em>What functions does CarPlay \/ Android Auto have? It's a smarter, safer way to use your phone's key features while driving. From calendar to calls, everything is right on the car's screen!<\/em><br \/>\n<span style=\"color: #0000ff;\">Navigation apps like Waze, Google Maps, Apple Maps<\/span><\/h4>\n<p style=\"text-align: center;\"><a href=\"https:\/\/carplayauto.se\/wp-content\/uploads\/2023\/07\/waze.jpg\"><img fetchpriority=\"high\" decoding=\"async\" class=\"alignnone wp-image-3243\" src=\"https:\/\/carplayauto.se\/wp-content\/uploads\/2023\/07\/waze-300x119.jpg\" alt=\"\" width=\"980\" height=\"389\" srcset=\"https:\/\/carplayauto.se\/wp-content\/uploads\/2023\/07\/waze-300x119.jpg 300w, https:\/\/carplayauto.se\/wp-content\/uploads\/2023\/07\/waze-1024x406.jpg 1024w, https:\/\/carplayauto.se\/wp-content\/uploads\/2023\/07\/waze-768x305.jpg 768w, https:\/\/carplayauto.se\/wp-content\/uploads\/2023\/07\/waze-18x7.jpg 18w, https:\/\/carplayauto.se\/wp-content\/uploads\/2023\/07\/waze-600x238.jpg 600w, https:\/\/carplayauto.se\/wp-content\/uploads\/2023\/07\/waze.jpg 1280w\" sizes=\"(max-width: 980px) 100vw, 980px\" \/><\/a><\/p>\n<h4 style=\"text-align: center;\"><span style=\"color: #0000ff;\">Music apps like Spotify, Soundcloud and many more<\/span><\/h4>\n<p style=\"text-align: center;\"><a href=\"https:\/\/carplayauto.se\/wp-content\/uploads\/2023\/07\/spotify-meny.jpg\"><img decoding=\"async\" class=\"alignnone wp-image-3242\" src=\"https:\/\/carplayauto.se\/wp-content\/uploads\/2023\/07\/spotify-meny-300x119.jpg\" alt=\"\" width=\"981\" height=\"389\" srcset=\"https:\/\/carplayauto.se\/wp-content\/uploads\/2023\/07\/spotify-meny-300x119.jpg 300w, https:\/\/carplayauto.se\/wp-content\/uploads\/2023\/07\/spotify-meny-1024x406.jpg 1024w, https:\/\/carplayauto.se\/wp-content\/uploads\/2023\/07\/spotify-meny-768x305.jpg 768w, https:\/\/carplayauto.se\/wp-content\/uploads\/2023\/07\/spotify-meny-18x7.jpg 18w, https:\/\/carplayauto.se\/wp-content\/uploads\/2023\/07\/spotify-meny-600x238.jpg 600w, https:\/\/carplayauto.se\/wp-content\/uploads\/2023\/07\/spotify-meny.jpg 1280w\" sizes=\"(max-width: 981px) 100vw, 981px\" \/><\/a><\/p>\n<p style=\"text-align: center;\"><a href=\"https:\/\/carplayauto.se\/wp-content\/uploads\/2023\/07\/spotify-mano.jpg\"><img decoding=\"async\" class=\"alignnone wp-image-3241\" src=\"https:\/\/carplayauto.se\/wp-content\/uploads\/2023\/07\/spotify-mano-300x119.jpg\" alt=\"\" width=\"981\" height=\"389\" srcset=\"https:\/\/carplayauto.se\/wp-content\/uploads\/2023\/07\/spotify-mano-300x119.jpg 300w, https:\/\/carplayauto.se\/wp-content\/uploads\/2023\/07\/spotify-mano-1024x406.jpg 1024w, https:\/\/carplayauto.se\/wp-content\/uploads\/2023\/07\/spotify-mano-768x305.jpg 768w, https:\/\/carplayauto.se\/wp-content\/uploads\/2023\/07\/spotify-mano-18x7.jpg 18w, https:\/\/carplayauto.se\/wp-content\/uploads\/2023\/07\/spotify-mano-600x238.jpg 600w, https:\/\/carplayauto.se\/wp-content\/uploads\/2023\/07\/spotify-mano.jpg 1280w\" sizes=\"(max-width: 981px) 100vw, 981px\" \/><\/a><\/p>\n<h4 style=\"text-align: center;\"><\/h4>\n<h4 style=\"text-align: center;\"><span style=\"color: #0000ff;\">Calls &amp; Texts - Use Siri to send a message or make a call<\/span><\/h4>\n<h4 style=\"text-align: center;\"><a href=\"https:\/\/carplayauto.se\/wp-content\/uploads\/2023\/07\/siri.jpg\"><img loading=\"lazy\" decoding=\"async\" class=\"alignnone wp-image-3240\" src=\"https:\/\/carplayauto.se\/wp-content\/uploads\/2023\/07\/siri-300x119.jpg\" alt=\"\" width=\"981\" height=\"389\" srcset=\"https:\/\/carplayauto.se\/wp-content\/uploads\/2023\/07\/siri-300x119.jpg 300w, https:\/\/carplayauto.se\/wp-content\/uploads\/2023\/07\/siri-1024x406.jpg 1024w, https:\/\/carplayauto.se\/wp-content\/uploads\/2023\/07\/siri-768x305.jpg 768w, https:\/\/carplayauto.se\/wp-content\/uploads\/2023\/07\/siri-18x7.jpg 18w, https:\/\/carplayauto.se\/wp-content\/uploads\/2023\/07\/siri-600x238.jpg 600w, https:\/\/carplayauto.se\/wp-content\/uploads\/2023\/07\/siri.jpg 1280w\" sizes=\"(max-width: 981px) 100vw, 981px\" \/><\/a><\/h4>\n<h4 style=\"text-align: center;\"><a href=\"https:\/\/carplayauto.se\/wp-content\/uploads\/2023\/07\/samtal.jpg\"><img loading=\"lazy\" decoding=\"async\" class=\"alignnone wp-image-3239\" src=\"https:\/\/carplayauto.se\/wp-content\/uploads\/2023\/07\/samtal-300x119.jpg\" alt=\"\" width=\"981\" height=\"389\" srcset=\"https:\/\/carplayauto.se\/wp-content\/uploads\/2023\/07\/samtal-300x119.jpg 300w, https:\/\/carplayauto.se\/wp-content\/uploads\/2023\/07\/samtal-1024x406.jpg 1024w, https:\/\/carplayauto.se\/wp-content\/uploads\/2023\/07\/samtal-768x305.jpg 768w, https:\/\/carplayauto.se\/wp-content\/uploads\/2023\/07\/samtal-18x7.jpg 18w, https:\/\/carplayauto.se\/wp-content\/uploads\/2023\/07\/samtal-600x238.jpg 600w, https:\/\/carplayauto.se\/wp-content\/uploads\/2023\/07\/samtal.jpg 1280w\" sizes=\"(max-width: 981px) 100vw, 981px\" \/><\/a><\/h4>","protected":false},"excerpt":{"rendered":"<p><em>This is only with CarPlay &amp; Android Auto.<\/em><br \/>\n<em>If you want a full Android-based screen, take a look at the link below:<\/em><\/p>\n<p><a href=\"https:\/\/carplayauto.se\/en\/product\/8-8-android-10-0-skarm-464g-qualcomm-4g64g-for-bmw-x3-f25-x4-f26\/\">https:\/\/carplayauto.se\/produkt\/8-8-android-10-0-skarm-464g-qualcomm-4g64g-for-bmw-x3-f25-x4-f26\/<\/a><\/p>\n<h5><\/h5>\n<h5>We recommend that you check which system\/connection you have before placing an order.<br \/>\nFeel free to check out the link below<br \/>\n<a href=\"https:\/\/carplayauto.se\/en\/typer\/\">https:\/\/carplayauto.se\/typer\/<\/a><\/h5>","protected":false},"featured_media":2587,"comment_status":"open","ping_status":"closed","template":"","meta":{"site-sidebar-layout":"default","site-content-layout":"default","ast-site-content-layout":"default","site-content-style":"default","site-sidebar-style":"default","ast-global-header-display":"","ast-banner-title-visibility":"","ast-main-header-display":"","ast-hfb-above-header-display":"","ast-hfb-below-header-display":"","ast-hfb-mobile-header-display":"","site-post-title":"","ast-breadcrumbs-content":"","ast-featured-img":"","footer-sml-layout":"","ast-disable-related-posts":"","theme-transparent-header-meta":"default","adv-header-id-meta":"","stick-header-meta":"","header-above-stick-meta":"","header-main-stick-meta":"","header-below-stick-meta":"","astra-migrate-meta-layouts":"set","ast-page-background-enabled":"default","ast-page-background-meta":{"desktop":{"background-color":"","background-image":"","background-repeat":"repeat","background-position":"center center","background-size":"auto","background-attachment":"scroll","background-type":"","background-media":"","overlay-type":"","overlay-color":"","overlay-opacity":"","overlay-gradient":""},"tablet":{"background-color":"","background-image":"","background-repeat":"repeat","background-position":"center center","background-size":"auto","background-attachment":"scroll","background-type":"","background-media":"","overlay-type":"","overlay-color":"","overlay-opacity":"","overlay-gradient":""},"mobile":{"background-color":"","background-image":"","background-repeat":"repeat","background-position":"center center","background-size":"auto","background-attachment":"scroll","background-type":"","background-media":"","overlay-type":"","overlay-color":"","overlay-opacity":"","overlay-gradient":""}},"ast-content-background-meta":{"desktop":{"background-color":"var(--ast-global-color-5)","background-image":"","background-repeat":"repeat","background-position":"center center","background-size":"auto","background-attachment":"scroll","background-type":"","background-media":"","overlay-type":"","overlay-color":"","overlay-opacity":"","overlay-gradient":""},"tablet":{"background-color":"var(--ast-global-color-5)","background-image":"","background-repeat":"repeat","background-position":"center center","background-size":"auto","background-attachment":"scroll","background-type":"","background-media":"","overlay-type":"","overlay-color":"","overlay-opacity":"","overlay-gradient":""},"mobile":{"background-color":"var(--ast-global-color-5)","background-image":"","background-repeat":"repeat","background-position":"center center","background-size":"auto","background-attachment":"scroll","background-type":"","background-media":"","overlay-type":"","overlay-color":"","overlay-opacity":"","overlay-gradient":""}}},"product_brand":[],"product_cat":[45,28],"product_tag":[],"class_list":{"0":"post-1172","1":"product","2":"type-product","3":"status-publish","4":"has-post-thumbnail","6":"product_cat-bmwc","7":"product_cat-carplay-android-auto-skarmar","8":"desktop-align-center","9":"tablet-align-center","10":"mobile-align-center","12":"first","13":"instock","14":"taxable","15":"shipping-taxable","16":"purchasable","17":"product-type-variable"},"jetpack_sharing_enabled":true,"_links":{"self":[{"href":"https:\/\/carplayauto.se\/en\/wp-json\/wp\/v2\/product\/1172","targetHints":{"allow":["GET"]}}],"collection":[{"href":"https:\/\/carplayauto.se\/en\/wp-json\/wp\/v2\/product"}],"about":[{"href":"https:\/\/carplayauto.se\/en\/wp-json\/wp\/v2\/types\/product"}],"replies":[{"embeddable":true,"href":"https:\/\/carplayauto.se\/en\/wp-json\/wp\/v2\/comments?post=1172"}],"wp:featuredmedia":[{"embeddable":true,"href":"https:\/\/carplayauto.se\/en\/wp-json\/wp\/v2\/media\/2587"}],"wp:attachment":[{"href":"https:\/\/carplayauto.se\/en\/wp-json\/wp\/v2\/media?parent=1172"}],"wp:term":[{"taxonomy":"product_brand","embeddable":true,"href":"https:\/\/carplayauto.se\/en\/wp-json\/wp\/v2\/product_brand?post=1172"},{"taxonomy":"product_cat","embeddable":true,"href":"https:\/\/carplayauto.se\/en\/wp-json\/wp\/v2\/product_cat?post=1172"},{"taxonomy":"product_tag","embeddable":true,"href":"https:\/\/carplayauto.se\/en\/wp-json\/wp\/v2\/product_tag?post=1172"}],"curies":[{"name":"wp","href":"https:\/\/api.w.org\/{rel}","templated":true}]}}