{"id":3145,"date":"2023-08-31T01:58:33","date_gmt":"2023-08-30T23:58:33","guid":{"rendered":"https:\/\/carplayauto.se\/produkt\/8-8-android-11-skarm-till-audi-a5-2009-2016-copy\/"},"modified":"2023-10-01T00:36:34","modified_gmt":"2023-09-30T22:36:34","slug":"8-8-android-11-skarm-till-audi-a6-1218","status":"publish","type":"product","link":"https:\/\/carplayauto.se\/en\/product\/8-8-android-11-skarm-till-audi-a6-1218\/","title":{"rendered":"9&#8243; Android 11 Sk\u00e4rm till Audi A6 2012-2018"},"content":{"rendered":"<p>Kompatibel med alla OEM funktioner<br \/>\nSkifta mellan OEM system och Android system genom att h\u00e5lla in \u201cINFO\/MEDIA\u201d i cirka 3 sekunder.<\/p>\n<p>Inbyggd GPS, bluetooth, 4G modul, mikrofon och Wi-Fi antenn.<br \/>\n\u00d6ver 20 spr\u00e5k att v\u00e4lja mellan<br \/>\nKompatibel med backkamera<br \/>\nAlla kablar som kr\u00e4vs f\u00f6r montering f\u00f6ljer med.<\/p>\n<p>&nbsp;<\/p>\n<p style=\"text-align: left;\">Garanti 1 \u00e5r<br \/>\nCPU MediaTEK 8581<br \/>\nSk\u00e4rm 9&#8243; tum IPS touch sk\u00e4rm 1280*480<br \/>\nRAM 8G<br \/>\nROM 64G<br \/>\nAndroid Version Android 11.0<br \/>\nUSB 2 (MAX 128G)<br \/>\n4G Inbyggt<br \/>\n\u00d6vrigt Inbyggd Bluetooth, mikrofon och WI-FI antenn, Inbyggd Tr\u00e5dl\u00f6s Apple CarPlay &amp; Android Auto<\/p>\n<p><span style=\"color: #ff0000;\">Passar EJ till MIB system!<\/span><\/p>\n<p><strong>Viktigt: <\/strong><br \/>\n<strong>F\u00f6r att kunna f\u00e5 ljud m\u00e5ste fordonet vara utrustat med AUX\/AMI-funktion! <\/strong><\/p>\n<p><strong>Om din bil har AMI-funktion m\u00e5ste du k\u00f6pa en AMI till AUX-kabel f\u00f6r att kunna v\u00e4lja AMI p\u00e5 sk\u00e4rmen.<br \/>\nDu hittar AMI till AUX-kabeln i v\u00e5r butik under kategorin &#8221;\u00d6vrigt&#8221;<br \/>\n<\/strong><strong>Direktl\u00e4nk till produkten:\u00a0<a href=\"https:\/\/carplayauto.se\/en\/product\/ami-till-aux-kabel\/\">https:\/\/carplayauto.se\/produkt\/ami-till-aux-kabel\/<\/a><\/strong><\/p>","protected":false},"excerpt":{"rendered":"<p>Denna produkt passar till Audi A6 &amp; Audi A7 Fr\u00e5n \u00e5rsmodell 2012<br \/>\n\u00c4r du os\u00e4ker p\u00e5 vilken typ du beh\u00f6ver? Kika p\u00e5 l\u00e4nken nedanf\u00f6r f\u00f6r att j\u00e4mf\u00f6ra sj\u00e4lv eller skicka in en kompatibilitet f\u00f6rfr\u00e5gan till oss<br \/>\n<a href=\"https:\/\/carplayauto.se\/en\/audityper\/\">https:\/\/carplayauto.se\/audityper\/<\/a><\/p>","protected":false},"featured_media":3099,"comment_status":"open","ping_status":"closed","template":"","meta":{"site-sidebar-layout":"default","site-content-layout":"","ast-site-content-layout":"default","site-content-style":"default","site-sidebar-style":"default","ast-global-header-display":"","ast-banner-title-visibility":"","ast-main-header-display":"","ast-hfb-above-header-display":"","ast-hfb-below-header-display":"","ast-hfb-mobile-header-display":"","site-post-title":"","ast-breadcrumbs-content":"","ast-featured-img":"","footer-sml-layout":"","ast-disable-related-posts":"","theme-transparent-header-meta":"default","adv-header-id-meta":"","stick-header-meta":"","header-above-stick-meta":"","header-main-stick-meta":"","header-below-stick-meta":"","astra-migrate-meta-layouts":"set","ast-page-background-enabled":"default","ast-page-background-meta":{"desktop":{"background-color":"","background-image":"","background-repeat":"repeat","background-position":"center center","background-size":"auto","background-attachment":"scroll","background-type":"","background-media":"","overlay-type":"","overlay-color":"","overlay-opacity":"","overlay-gradient":""},"tablet":{"background-color":"","background-image":"","background-repeat":"repeat","background-position":"center center","background-size":"auto","background-attachment":"scroll","background-type":"","background-media":"","overlay-type":"","overlay-color":"","overlay-opacity":"","overlay-gradient":""},"mobile":{"background-color":"","background-image":"","background-repeat":"repeat","background-position":"center center","background-size":"auto","background-attachment":"scroll","background-type":"","background-media":"","overlay-type":"","overlay-color":"","overlay-opacity":"","overlay-gradient":""}},"ast-content-background-meta":{"desktop":{"background-color":"var(--ast-global-color-5)","background-image":"","background-repeat":"repeat","background-position":"center center","background-size":"auto","background-attachment":"scroll","background-type":"","background-media":"","overlay-type":"","overlay-color":"","overlay-opacity":"","overlay-gradient":""},"tablet":{"background-color":"var(--ast-global-color-5)","background-image":"","background-repeat":"repeat","background-position":"center center","background-size":"auto","background-attachment":"scroll","background-type":"","background-media":"","overlay-type":"","overlay-color":"","overlay-opacity":"","overlay-gradient":""},"mobile":{"background-color":"var(--ast-global-color-5)","background-image":"","background-repeat":"repeat","background-position":"center center","background-size":"auto","background-attachment":"scroll","background-type":"","background-media":"","overlay-type":"","overlay-color":"","overlay-opacity":"","overlay-gradient":""}}},"product_brand":[],"product_cat":[52],"product_tag":[],"class_list":{"0":"post-3145","1":"product","2":"type-product","3":"status-publish","4":"has-post-thumbnail","6":"product_cat-audi","7":"desktop-align-center","8":"tablet-align-center","9":"mobile-align-center","11":"first","12":"instock","13":"sale","14":"taxable","15":"shipping-taxable","16":"purchasable","17":"product-type-variable"},"jetpack_sharing_enabled":true,"_links":{"self":[{"href":"https:\/\/carplayauto.se\/en\/wp-json\/wp\/v2\/product\/3145","targetHints":{"allow":["GET"]}}],"collection":[{"href":"https:\/\/carplayauto.se\/en\/wp-json\/wp\/v2\/product"}],"about":[{"href":"https:\/\/carplayauto.se\/en\/wp-json\/wp\/v2\/types\/product"}],"replies":[{"embeddable":true,"href":"https:\/\/carplayauto.se\/en\/wp-json\/wp\/v2\/comments?post=3145"}],"wp:featuredmedia":[{"embeddable":true,"href":"https:\/\/carplayauto.se\/en\/wp-json\/wp\/v2\/media\/3099"}],"wp:attachment":[{"href":"https:\/\/carplayauto.se\/en\/wp-json\/wp\/v2\/media?parent=3145"}],"wp:term":[{"taxonomy":"product_brand","embeddable":true,"href":"https:\/\/carplayauto.se\/en\/wp-json\/wp\/v2\/product_brand?post=3145"},{"taxonomy":"product_cat","embeddable":true,"href":"https:\/\/carplayauto.se\/en\/wp-json\/wp\/v2\/product_cat?post=3145"},{"taxonomy":"product_tag","embeddable":true,"href":"https:\/\/carplayauto.se\/en\/wp-json\/wp\/v2\/product_tag?post=3145"}],"curies":[{"name":"wp","href":"https:\/\/api.w.org\/{rel}","templated":true}]}}