{"id":3245,"date":"2023-08-31T17:24:01","date_gmt":"2023-08-31T15:24:01","guid":{"rendered":"https:\/\/carplayauto.se\/produkt\/10-25-android-10-0-skarm-4g64g-qualcomm-for-bmw-x3-e83-2003-2010-copy\/"},"modified":"2025-05-09T19:45:46","modified_gmt":"2025-05-09T17:45:46","slug":"10-25-android-10-0-skarm-4g64g-qualcomm-for-bmw1s","status":"publish","type":"product","link":"https:\/\/carplayauto.se\/en\/product\/10-25-android-10-0-skarm-4g64g-qualcomm-for-bmw1s\/","title":{"rendered":"10.25&#8243; Android Sk\u00e4rm 4G+64G Qualcomm for BMW 1 Serie E87 E81 E82"},"content":{"rendered":"<ul>\n<li>Passar till fordon med &amp; utan lucka<\/li>\n<li>Kommer med &#8221;iDrive&#8221; Knob<\/li>\n<li>Kommer med mall f\u00f6r fordon som saknar lucka<\/li>\n<\/ul>\n<p>Kompatibel med alla OEM funktioner<br \/>\nSkifta mellan OEM system och Android system genom att h\u00e5lla in \u201cMENY\u201d p\u00e5 iDrive knoben i cirka 3 sekunder.<br \/>\nInbyggd GPS, bluetooth, 4G modul, mikrofon och Wi-Fi antenn.<br \/>\n\u00d6ver 20 spr\u00e5k att v\u00e4lja mellan<br \/>\nKompatibel med backkamera<br \/>\nAlla kablar som kr\u00e4vs f\u00f6r montering f\u00f6ljer med.<\/p>\n<p>Garanti 1 \u00e5r<br \/>\n<strong>CPU<\/strong>\u00a0Qualcomm Snapdragon 625 processor MSM8953 Octa-core A53 2.0GHz<br \/>\n<strong>Sk\u00e4rm <\/strong>10.25\u00a0tum IPS touch sk\u00e4rm 1280*480<br \/>\n<strong>RAM<\/strong>\u00a04G<br \/>\n<strong>ROM<\/strong>\u00a064G<br \/>\n<strong>Android Version<\/strong> Android 13.0<br \/>\n<strong>USB<\/strong>\u00a02 (MAX 128G)<br \/>\n<strong>4G<\/strong>\u00a0Inbyggt<br \/>\n<strong>Other<\/strong> Inbyggd Bluetooth, mikrofon och WI-FI antenn, Inbyggd Tr\u00e5dl\u00f6s Apple CarPlay &amp; Android Auto<\/p>","protected":false},"excerpt":{"rendered":"<p>BMW Sk\u00e4rm till E87 E81 E82<\/p>","protected":false},"featured_media":2496,"comment_status":"open","ping_status":"closed","template":"","meta":{"site-sidebar-layout":"default","site-content-layout":"default","ast-site-content-layout":"default","site-content-style":"default","site-sidebar-style":"default","ast-global-header-display":"","ast-banner-title-visibility":"","ast-main-header-display":"","ast-hfb-above-header-display":"","ast-hfb-below-header-display":"","ast-hfb-mobile-header-display":"","site-post-title":"","ast-breadcrumbs-content":"","ast-featured-img":"","footer-sml-layout":"","ast-disable-related-posts":"","theme-transparent-header-meta":"default","adv-header-id-meta":"","stick-header-meta":"","header-above-stick-meta":"","header-main-stick-meta":"","header-below-stick-meta":"","astra-migrate-meta-layouts":"set","ast-page-background-enabled":"default","ast-page-background-meta":{"desktop":{"background-color":"","background-image":"","background-repeat":"repeat","background-position":"center center","background-size":"auto","background-attachment":"scroll","background-type":"","background-media":"","overlay-type":"","overlay-color":"","overlay-opacity":"","overlay-gradient":""},"tablet":{"background-color":"","background-image":"","background-repeat":"repeat","background-position":"center center","background-size":"auto","background-attachment":"scroll","background-type":"","background-media":"","overlay-type":"","overlay-color":"","overlay-opacity":"","overlay-gradient":""},"mobile":{"background-color":"","background-image":"","background-repeat":"repeat","background-position":"center center","background-size":"auto","background-attachment":"scroll","background-type":"","background-media":"","overlay-type":"","overlay-color":"","overlay-opacity":"","overlay-gradient":""}},"ast-content-background-meta":{"desktop":{"background-color":"var(--ast-global-color-5)","background-image":"","background-repeat":"repeat","background-position":"center center","background-size":"auto","background-attachment":"scroll","background-type":"","background-media":"","overlay-type":"","overlay-color":"","overlay-opacity":"","overlay-gradient":""},"tablet":{"background-color":"var(--ast-global-color-5)","background-image":"","background-repeat":"repeat","background-position":"center center","background-size":"auto","background-attachment":"scroll","background-type":"","background-media":"","overlay-type":"","overlay-color":"","overlay-opacity":"","overlay-gradient":""},"mobile":{"background-color":"var(--ast-global-color-5)","background-image":"","background-repeat":"repeat","background-position":"center center","background-size":"auto","background-attachment":"scroll","background-type":"","background-media":"","overlay-type":"","overlay-color":"","overlay-opacity":"","overlay-gradient":""}}},"product_brand":[],"product_cat":[29,30],"product_tag":[],"class_list":{"0":"post-3245","1":"product","2":"type-product","3":"status-publish","4":"has-post-thumbnail","6":"product_cat-android-enheter","7":"product_cat-bmw","8":"desktop-align-center","9":"tablet-align-center","10":"mobile-align-center","12":"first","13":"instock","14":"taxable","15":"shipping-taxable","16":"purchasable","17":"product-type-variable"},"jetpack_sharing_enabled":true,"_links":{"self":[{"href":"https:\/\/carplayauto.se\/en\/wp-json\/wp\/v2\/product\/3245","targetHints":{"allow":["GET"]}}],"collection":[{"href":"https:\/\/carplayauto.se\/en\/wp-json\/wp\/v2\/product"}],"about":[{"href":"https:\/\/carplayauto.se\/en\/wp-json\/wp\/v2\/types\/product"}],"replies":[{"embeddable":true,"href":"https:\/\/carplayauto.se\/en\/wp-json\/wp\/v2\/comments?post=3245"}],"wp:featuredmedia":[{"embeddable":true,"href":"https:\/\/carplayauto.se\/en\/wp-json\/wp\/v2\/media\/2496"}],"wp:attachment":[{"href":"https:\/\/carplayauto.se\/en\/wp-json\/wp\/v2\/media?parent=3245"}],"wp:term":[{"taxonomy":"product_brand","embeddable":true,"href":"https:\/\/carplayauto.se\/en\/wp-json\/wp\/v2\/product_brand?post=3245"},{"taxonomy":"product_cat","embeddable":true,"href":"https:\/\/carplayauto.se\/en\/wp-json\/wp\/v2\/product_cat?post=3245"},{"taxonomy":"product_tag","embeddable":true,"href":"https:\/\/carplayauto.se\/en\/wp-json\/wp\/v2\/product_tag?post=3245"}],"curies":[{"name":"wp","href":"https:\/\/api.w.org\/{rel}","templated":true}]}}