{"id":3658,"date":"2025-09-12T14:07:35","date_gmt":"2025-09-12T12:07:35","guid":{"rendered":"https:\/\/carplayauto.se\/?post_type=product&#038;p=3658"},"modified":"2026-01-14T10:34:32","modified_gmt":"2026-01-14T09:34:32","slug":"3658","status":"publish","type":"product","link":"https:\/\/carplayauto.se\/en\/product\/3658\/","title":{"rendered":"BMW NBT EVO Apple CarPlay Aktivering"},"content":{"rendered":"<p>Aktivering av Apple CarPlay f\u00f6r <strong>BMW NBT EVO<\/strong> \u2013 Originalsystem<\/p>\n<p>Uppgradera din BMW med **Apple CarPlay** och f\u00e5 en helt ny k\u00f6rupplevelse. Med v\u00e5r professionella aktivering l\u00e5ser vi upp CarPlay p\u00e5 ditt befintliga **<strong>NBT EVO<\/strong> originalsystem** \u2013 snabbt, smidigt och helt utan fysiska ingrepp.<\/p>\n<p>Genom Apple CarPlay f\u00e5r du enkel tillg\u00e5ng till appar som **Kartor, Spotify, Meddelanden, Podcaster, och mycket mer**, direkt via bilens sk\u00e4rm. Styr funktionerna med **r\u00f6stkommandon via Siri**, eller anv\u00e4nd iDrive-kontrollen f\u00f6r maximal s\u00e4kerhet och bekv\u00e4mlighet.<\/p>\n<p>**Varf\u00f6r v\u00e4lja v\u00e5r CarPlay-aktivering?**<\/p>\n<p>* Fullt kompatibel med BMWs originalsystem <strong>(NBT EVO)<\/strong>.<br \/>\n* Snabb och s\u00e4ker aktivering \/ fj\u00e4rraktivering.<br \/>\n* Inga extra moduler eller kablar kr\u00e4vs.<br \/>\n* Beh\u00e5ller bilens originalgaranti och funktioner.<br \/>\n* Support och hj\u00e4lp fr\u00e5n BMW-specialister.<\/p>\n<p>Ta din BMW till n\u00e4sta niv\u00e5 \u2013 aktivera Apple CarPlay idag och njut av en modern, smart och uppkopplad k\u00f6rupplevelse.<\/p>","protected":false},"excerpt":{"rendered":"<p>Aktivering av Apple CarPlay f\u00f6r BMW NBT EVO \u2013 Originalsystem<\/p>\n<p>Uppgradera din BMW med Apple CarPlay och f\u00e5 en helt ny k\u00f6rupplevelse. Med v\u00e5r professionella aktivering l\u00e5ser vi upp CarPlay p\u00e5 ditt befintliga NBT EVO originalsystem<br \/>\nSnabbt, smidigt och helt utan fysiska ingrepp.<\/p>","protected":false},"featured_media":3876,"comment_status":"open","ping_status":"closed","template":"","meta":{"site-sidebar-layout":"default","site-content-layout":"","ast-site-content-layout":"default","site-content-style":"default","site-sidebar-style":"default","ast-global-header-display":"","ast-banner-title-visibility":"","ast-main-header-display":"","ast-hfb-above-header-display":"","ast-hfb-below-header-display":"","ast-hfb-mobile-header-display":"","site-post-title":"","ast-breadcrumbs-content":"","ast-featured-img":"","footer-sml-layout":"","ast-disable-related-posts":"","theme-transparent-header-meta":"default","adv-header-id-meta":"","stick-header-meta":"","header-above-stick-meta":"","header-main-stick-meta":"","header-below-stick-meta":"","astra-migrate-meta-layouts":"set","ast-page-background-enabled":"default","ast-page-background-meta":{"desktop":{"background-color":"","background-image":"","background-repeat":"repeat","background-position":"center center","background-size":"auto","background-attachment":"scroll","background-type":"","background-media":"","overlay-type":"","overlay-color":"","overlay-opacity":"","overlay-gradient":""},"tablet":{"background-color":"","background-image":"","background-repeat":"repeat","background-position":"center center","background-size":"auto","background-attachment":"scroll","background-type":"","background-media":"","overlay-type":"","overlay-color":"","overlay-opacity":"","overlay-gradient":""},"mobile":{"background-color":"","background-image":"","background-repeat":"repeat","background-position":"center center","background-size":"auto","background-attachment":"scroll","background-type":"","background-media":"","overlay-type":"","overlay-color":"","overlay-opacity":"","overlay-gradient":""}},"ast-content-background-meta":{"desktop":{"background-color":"var(--ast-global-color-5)","background-image":"","background-repeat":"repeat","background-position":"center center","background-size":"auto","background-attachment":"scroll","background-type":"","background-media":"","overlay-type":"","overlay-color":"","overlay-opacity":"","overlay-gradient":""},"tablet":{"background-color":"var(--ast-global-color-5)","background-image":"","background-repeat":"repeat","background-position":"center center","background-size":"auto","background-attachment":"scroll","background-type":"","background-media":"","overlay-type":"","overlay-color":"","overlay-opacity":"","overlay-gradient":""},"mobile":{"background-color":"var(--ast-global-color-5)","background-image":"","background-repeat":"repeat","background-position":"center center","background-size":"auto","background-attachment":"scroll","background-type":"","background-media":"","overlay-type":"","overlay-color":"","overlay-opacity":"","overlay-gradient":""}}},"product_brand":[],"product_cat":[58],"product_tag":[],"class_list":{"0":"post-3658","1":"product","2":"type-product","3":"status-publish","4":"has-post-thumbnail","6":"product_cat-aktivering","7":"desktop-align-center","8":"tablet-align-center","9":"mobile-align-center","11":"first","12":"instock","13":"taxable","14":"shipping-taxable","15":"purchasable","16":"product-type-simple"},"jetpack_sharing_enabled":true,"_links":{"self":[{"href":"https:\/\/carplayauto.se\/en\/wp-json\/wp\/v2\/product\/3658","targetHints":{"allow":["GET"]}}],"collection":[{"href":"https:\/\/carplayauto.se\/en\/wp-json\/wp\/v2\/product"}],"about":[{"href":"https:\/\/carplayauto.se\/en\/wp-json\/wp\/v2\/types\/product"}],"replies":[{"embeddable":true,"href":"https:\/\/carplayauto.se\/en\/wp-json\/wp\/v2\/comments?post=3658"}],"wp:featuredmedia":[{"embeddable":true,"href":"https:\/\/carplayauto.se\/en\/wp-json\/wp\/v2\/media\/3876"}],"wp:attachment":[{"href":"https:\/\/carplayauto.se\/en\/wp-json\/wp\/v2\/media?parent=3658"}],"wp:term":[{"taxonomy":"product_brand","embeddable":true,"href":"https:\/\/carplayauto.se\/en\/wp-json\/wp\/v2\/product_brand?post=3658"},{"taxonomy":"product_cat","embeddable":true,"href":"https:\/\/carplayauto.se\/en\/wp-json\/wp\/v2\/product_cat?post=3658"},{"taxonomy":"product_tag","embeddable":true,"href":"https:\/\/carplayauto.se\/en\/wp-json\/wp\/v2\/product_tag?post=3658"}],"curies":[{"name":"wp","href":"https:\/\/api.w.org\/{rel}","templated":true}]}}